{"id":1799,"date":"2024-07-19T00:44:44","date_gmt":"2024-07-18T22:44:44","guid":{"rendered":"https:\/\/paginaswebscr.com\/?post_type=product&#038;p=1799"},"modified":"2024-07-19T00:44:44","modified_gmt":"2024-07-18T22:44:44","slug":"plan-avanzado","status":"publish","type":"product","link":"https:\/\/paginaswebscr.com\/index.php\/producto\/plan-avanzado\/","title":{"rendered":"Plan Avanzado"},"content":{"rendered":"<p><span class=\"OYPEnA font-feature-liga-off font-feature-clig-off font-feature-calt-off text-decoration-none text-strikethrough-none\">El Plan Avanzado est\u00e1 dirigido a peque\u00f1as y medianas empresas que buscan expandir su presencia online con un sitio web m\u00e1s robusto y funcional. Ideal para negocios que desean incorporar caracter\u00edsticas avanzadas y optimizaci\u00f3n SEO, permitiendo atraer y retener clientes sin comprometer la calidad.<\/span><\/p>\n","protected":false},"excerpt":{"rendered":"<div>\n<p><strong>Beneficios:<\/strong><\/p>\n<ul>\n<li>Hasta 6 p\u00e1ginas de contenido.<\/li>\n<li>Desarrolo en Wordpress.<\/li>\n<li>Integraci\u00f3n con redes sociales.<\/li>\n<li>Integraci\u00f3n con WhatsApp<\/li>\n<li>Certificado SSL.<\/li>\n<li>Optimizaci\u00f3n SEO.<\/li>\n<li>Soporte t\u00e9cnico los 7 d\u00edas de la semana.<\/li>\n<li>Actualizaciones mensuales de contenido.<\/li>\n<li>Dise\u00f1o 100% personalizado.<\/li>\n<li>Botones personalizados.<\/li>\n<li>Dise\u00f1o responsive (optimizado para m\u00f3vil).<\/li>\n<li>1 formulario de contacto.<\/li>\n<li>Optimizaci\u00f3n de velocidad del sitio.<\/li>\n<li>1 correo corporativo.<\/li>\n<\/ul>\n<\/div>\n","protected":false},"featured_media":1768,"comment_status":"open","ping_status":"closed","template":"","meta":{"site-sidebar-layout":"default","site-content-layout":"","ast-site-content-layout":"default","site-content-style":"default","site-sidebar-style":"default","ast-global-header-display":"","ast-banner-title-visibility":"","ast-main-header-display":"","ast-hfb-above-header-display":"","ast-hfb-below-header-display":"","ast-hfb-mobile-header-display":"","site-post-title":"","ast-breadcrumbs-content":"","ast-featured-img":"","footer-sml-layout":"","theme-transparent-header-meta":"default","adv-header-id-meta":"","stick-header-meta":"","header-above-stick-meta":"","header-main-stick-meta":"","header-below-stick-meta":"","astra-migrate-meta-layouts":"set","ast-page-background-enabled":"default","ast-page-background-meta":{"desktop":{"background-color":"var(--ast-global-color-4)","background-image":"","background-repeat":"repeat","background-position":"center center","background-size":"auto","background-attachment":"scroll","background-type":"","background-media":"","overlay-type":"","overlay-color":"","overlay-opacity":"","overlay-gradient":""},"tablet":{"background-color":"","background-image":"","background-repeat":"repeat","background-position":"center center","background-size":"auto","background-attachment":"scroll","background-type":"","background-media":"","overlay-type":"","overlay-color":"","overlay-opacity":"","overlay-gradient":""},"mobile":{"background-color":"","background-image":"","background-repeat":"repeat","background-position":"center center","background-size":"auto","background-attachment":"scroll","background-type":"","background-media":"","overlay-type":"","overlay-color":"","overlay-opacity":"","overlay-gradient":""}},"ast-content-background-meta":{"desktop":{"background-color":"var(--ast-global-color-5)","background-image":"","background-repeat":"repeat","background-position":"center center","background-size":"auto","background-attachment":"scroll","background-type":"","background-media":"","overlay-type":"","overlay-color":"","overlay-opacity":"","overlay-gradient":""},"tablet":{"background-color":"var(--ast-global-color-5)","background-image":"","background-repeat":"repeat","background-position":"center center","background-size":"auto","background-attachment":"scroll","background-type":"","background-media":"","overlay-type":"","overlay-color":"","overlay-opacity":"","overlay-gradient":""},"mobile":{"background-color":"var(--ast-global-color-5)","background-image":"","background-repeat":"repeat","background-position":"center center","background-size":"auto","background-attachment":"scroll","background-type":"","background-media":"","overlay-type":"","overlay-color":"","overlay-opacity":"","overlay-gradient":""}}},"product_cat":[21],"product_tag":[],"jetpack_sharing_enabled":true,"_links":{"self":[{"href":"https:\/\/paginaswebscr.com\/index.php\/wp-json\/wp\/v2\/product\/1799"}],"collection":[{"href":"https:\/\/paginaswebscr.com\/index.php\/wp-json\/wp\/v2\/product"}],"about":[{"href":"https:\/\/paginaswebscr.com\/index.php\/wp-json\/wp\/v2\/types\/product"}],"replies":[{"embeddable":true,"href":"https:\/\/paginaswebscr.com\/index.php\/wp-json\/wp\/v2\/comments?post=1799"}],"wp:featuredmedia":[{"embeddable":true,"href":"https:\/\/paginaswebscr.com\/index.php\/wp-json\/wp\/v2\/media\/1768"}],"wp:attachment":[{"href":"https:\/\/paginaswebscr.com\/index.php\/wp-json\/wp\/v2\/media?parent=1799"}],"wp:term":[{"taxonomy":"product_cat","embeddable":true,"href":"https:\/\/paginaswebscr.com\/index.php\/wp-json\/wp\/v2\/product_cat?post=1799"},{"taxonomy":"product_tag","embeddable":true,"href":"https:\/\/paginaswebscr.com\/index.php\/wp-json\/wp\/v2\/product_tag?post=1799"}],"curies":[{"name":"wp","href":"https:\/\/api.w.org\/{rel}","templated":true}]}}