{"id":20,"date":"2024-06-08T23:13:17","date_gmt":"2024-06-08T21:13:17","guid":{"rendered":"https:\/\/paginaswebscr.com\/?page_id=20"},"modified":"2025-04-24T04:05:10","modified_gmt":"2025-04-24T02:05:10","slug":"nosotros","status":"publish","type":"page","link":"https:\/\/paginaswebscr.com\/index.php\/nosotros\/","title":{"rendered":"Nosotros"},"content":{"rendered":"\t\t<div data-elementor-type=\"wp-page\" data-elementor-id=\"20\" class=\"elementor elementor-20\">\n\t\t\t\t<div class=\"elementor-element elementor-element-2684295 e-flex e-con-boxed e-con e-parent\" data-id=\"2684295\" data-element_type=\"container\">\n\t\t\t\t\t<div class=\"e-con-inner\">\n\t\t\t\t<div class=\"elementor-element elementor-element-1c85761 elementor-widget__width-initial elementor-widget elementor-widget-heading\" data-id=\"1c85761\" data-element_type=\"widget\" data-widget_type=\"heading.default\">\n\t\t\t\t<div class=\"elementor-widget-container\">\n\t\t\t\t\t<h2 class=\"elementor-heading-title elementor-size-default\">Acerca de Nosotros<\/h2>\t\t\t\t<\/div>\n\t\t\t\t<\/div>\n\t\t\t\t\t<\/div>\n\t\t\t\t<\/div>\n\t\t<div class=\"elementor-element elementor-element-6a99490 e-flex e-con-boxed e-con e-parent\" data-id=\"6a99490\" data-element_type=\"container\">\n\t\t\t\t\t<div class=\"e-con-inner\">\n\t\t<div class=\"elementor-element elementor-element-913b87a e-con-full e-flex e-con e-child\" data-id=\"913b87a\" data-element_type=\"container\">\n\t\t\t\t<div class=\"elementor-element elementor-element-829906e elementor-widget elementor-widget-image\" data-id=\"829906e\" data-element_type=\"widget\" data-widget_type=\"image.default\">\n\t\t\t\t<div class=\"elementor-widget-container\">\n\t\t\t\t\t\t\t\t\t\t\t\t\t\t\t<img fetchpriority=\"high\" decoding=\"async\" width=\"576\" height=\"1024\" src=\"https:\/\/paginaswebscr.com\/wp-content\/uploads\/2024\/07\/Imagen-de-WhatsApp-2024-07-02-a-las-16.45.16_069b1d8f-576x1024.jpg\" class=\"attachment-large size-large wp-image-1116\" alt=\"\" srcset=\"https:\/\/paginaswebscr.com\/wp-content\/uploads\/2024\/07\/Imagen-de-WhatsApp-2024-07-02-a-las-16.45.16_069b1d8f-576x1024.jpg 576w, https:\/\/paginaswebscr.com\/wp-content\/uploads\/2024\/07\/Imagen-de-WhatsApp-2024-07-02-a-las-16.45.16_069b1d8f-600x1067.jpg 600w, https:\/\/paginaswebscr.com\/wp-content\/uploads\/2024\/07\/Imagen-de-WhatsApp-2024-07-02-a-las-16.45.16_069b1d8f-169x300.jpg 169w, https:\/\/paginaswebscr.com\/wp-content\/uploads\/2024\/07\/Imagen-de-WhatsApp-2024-07-02-a-las-16.45.16_069b1d8f-768x1365.jpg 768w, https:\/\/paginaswebscr.com\/wp-content\/uploads\/2024\/07\/Imagen-de-WhatsApp-2024-07-02-a-las-16.45.16_069b1d8f-864x1536.jpg 864w, https:\/\/paginaswebscr.com\/wp-content\/uploads\/2024\/07\/Imagen-de-WhatsApp-2024-07-02-a-las-16.45.16_069b1d8f.jpg 900w\" sizes=\"(max-width: 576px) 100vw, 576px\" \/>\t\t\t\t\t\t\t\t\t\t\t\t\t\t\t<\/div>\n\t\t\t\t<\/div>\n\t\t\t\t<\/div>\n\t\t<div class=\"elementor-element elementor-element-a18898a e-con-full e-flex e-con e-child\" data-id=\"a18898a\" data-element_type=\"container\">\n\t\t\t\t<div class=\"elementor-element elementor-element-8ad2c00 elementor-widget elementor-widget-image\" data-id=\"8ad2c00\" data-element_type=\"widget\" data-widget_type=\"image.default\">\n\t\t\t\t<div class=\"elementor-widget-container\">\n\t\t\t\t\t\t\t\t\t\t\t\t\t\t\t<img decoding=\"async\" width=\"367\" height=\"357\" src=\"https:\/\/paginaswebscr.com\/wp-content\/uploads\/2024\/06\/Logo-letras-en-blanco-1-e1719489124321.png\" class=\"attachment-large size-large wp-image-666\" alt=\"\" srcset=\"https:\/\/paginaswebscr.com\/wp-content\/uploads\/2024\/06\/Logo-letras-en-blanco-1-e1719489124321.png 367w, https:\/\/paginaswebscr.com\/wp-content\/uploads\/2024\/06\/Logo-letras-en-blanco-1-e1719489124321-300x292.png 300w, https:\/\/paginaswebscr.com\/wp-content\/uploads\/2024\/06\/elementor\/thumbs\/Logo-letras-en-blanco-1-e1719489124321-qq9wz150fff5nhgw49ins5eoj3tkpgbf57b2qamnhw.png 50w, https:\/\/paginaswebscr.com\/wp-content\/uploads\/2024\/06\/elementor\/thumbs\/Logo-letras-en-blanco-1-e1719489124321-qq9wz150hmcz8dvku7k7vyclkz15n1h7fsjc1d5ihy.png 55w\" sizes=\"(max-width: 367px) 100vw, 367px\" \/>\t\t\t\t\t\t\t\t\t\t\t\t\t\t\t<\/div>\n\t\t\t\t<\/div>\n\t\t\t\t<div class=\"elementor-element elementor-element-4fcf63d elementor-widget__width-inherit elementor-widget elementor-widget-heading\" data-id=\"4fcf63d\" data-element_type=\"widget\" data-widget_type=\"heading.default\">\n\t\t\t\t<div class=\"elementor-widget-container\">\n\t\t\t\t\t<h2 class=\"elementor-heading-title elementor-size-default\">Nuestros inicios<\/h2>\t\t\t\t<\/div>\n\t\t\t\t<\/div>\n\t\t\t\t<div class=\"elementor-element elementor-element-9637fbf elementor-widget elementor-widget-text-editor\" data-id=\"9637fbf\" data-element_type=\"widget\" data-widget_type=\"text-editor.default\">\n\t\t\t\t<div class=\"elementor-widget-container\">\n\t\t\t\t\t\t\t\t\t<p>En P\u00e1ginas Web CR, nuestra historia comienza con el af\u00e1n de generar nuevos conocimientos en diversos campos. Encontramos en el dise\u00f1o y desarrollo web una pasi\u00f3n, y nos propusimos ofrecer nuestros servicios a peque\u00f1os y medianos emprendimientos que quiz\u00e1s no puedan acceder a un sitio web debido a los altos costos. As\u00ed, ofrecemos soluciones accesibles y de alta calidad para que todos puedan tener una presencia online profesional, dando m\u00e1s credibilidad y confianza en a sus clientes.<\/p>\t\t\t\t\t\t\t\t<\/div>\n\t\t\t\t<\/div>\n\t\t\t\t<\/div>\n\t\t\t\t\t<\/div>\n\t\t\t\t<\/div>\n\t\t<div class=\"elementor-element elementor-element-a42cbb8 e-flex e-con-boxed e-con e-parent\" data-id=\"a42cbb8\" data-element_type=\"container\">\n\t\t\t\t\t<div class=\"e-con-inner\">\n\t\t<div class=\"elementor-element elementor-element-b621bf8 e-con-full e-flex e-con e-child\" data-id=\"b621bf8\" data-element_type=\"container\">\n\t\t\t\t<div class=\"elementor-element elementor-element-b872178 elementor-widget elementor-widget-image\" data-id=\"b872178\" data-element_type=\"widget\" data-widget_type=\"image.default\">\n\t\t\t\t<div class=\"elementor-widget-container\">\n\t\t\t\t\t\t\t\t\t\t\t\t\t\t\t<img decoding=\"async\" width=\"1024\" height=\"1024\" src=\"https:\/\/paginaswebscr.com\/wp-content\/uploads\/2024\/07\/Imagen-de-WhatsApp-2024-07-02-a-las-16.39.25_68ba2130-1024x1024.jpg\" class=\"attachment-large size-large wp-image-1107\" alt=\"\" srcset=\"https:\/\/paginaswebscr.com\/wp-content\/uploads\/2024\/07\/Imagen-de-WhatsApp-2024-07-02-a-las-16.39.25_68ba2130-1024x1024.jpg 1024w, https:\/\/paginaswebscr.com\/wp-content\/uploads\/2024\/07\/Imagen-de-WhatsApp-2024-07-02-a-las-16.39.25_68ba2130-300x300.jpg 300w, https:\/\/paginaswebscr.com\/wp-content\/uploads\/2024\/07\/Imagen-de-WhatsApp-2024-07-02-a-las-16.39.25_68ba2130-100x100.jpg 100w, https:\/\/paginaswebscr.com\/wp-content\/uploads\/2024\/07\/Imagen-de-WhatsApp-2024-07-02-a-las-16.39.25_68ba2130-600x600.jpg 600w, https:\/\/paginaswebscr.com\/wp-content\/uploads\/2024\/07\/Imagen-de-WhatsApp-2024-07-02-a-las-16.39.25_68ba2130-150x150.jpg 150w, https:\/\/paginaswebscr.com\/wp-content\/uploads\/2024\/07\/Imagen-de-WhatsApp-2024-07-02-a-las-16.39.25_68ba2130-768x768.jpg 768w, https:\/\/paginaswebscr.com\/wp-content\/uploads\/2024\/07\/Imagen-de-WhatsApp-2024-07-02-a-las-16.39.25_68ba2130.jpg 1080w\" sizes=\"(max-width: 1024px) 100vw, 1024px\" \/>\t\t\t\t\t\t\t\t\t\t\t\t\t\t\t<\/div>\n\t\t\t\t<\/div>\n\t\t\t\t<\/div>\n\t\t<div class=\"elementor-element elementor-element-d95bdd5 e-con-full e-flex e-con e-child\" data-id=\"d95bdd5\" data-element_type=\"container\">\n\t\t\t\t<div class=\"elementor-element elementor-element-5baff92 elementor-widget__width-initial elementor-widget elementor-widget-heading\" data-id=\"5baff92\" data-element_type=\"widget\" data-widget_type=\"heading.default\">\n\t\t\t\t<div class=\"elementor-widget-container\">\n\t\t\t\t\t<h2 class=\"elementor-heading-title elementor-size-default\">Nuestra misi\u00f3n<\/h2>\t\t\t\t<\/div>\n\t\t\t\t<\/div>\n\t\t\t\t<div class=\"elementor-element elementor-element-523b5df elementor-widget elementor-widget-text-editor\" data-id=\"523b5df\" data-element_type=\"widget\" data-widget_type=\"text-editor.default\">\n\t\t\t\t<div class=\"elementor-widget-container\">\n\t\t\t\t\t\t\t\t\t<p>Nuestra misi\u00f3n en P\u00e1ginas Web CR es apoyar a los peque\u00f1os y medianos negocios ofreciendo soluciones web accesibles y de alta calidad. Nos dedicamos a facilitar que estos negocios puedan tener una presencia online profesional, superando las barreras de costo y permiti\u00e9ndoles crecer y destacar en el mundo digital.<\/p>\t\t\t\t\t\t\t\t<\/div>\n\t\t\t\t<\/div>\n\t\t\t\t<div class=\"elementor-element elementor-element-17c0cf4 elementor-widget-mobile__width-inherit elementor-hidden-mobile elementor-widget elementor-widget-button\" data-id=\"17c0cf4\" data-element_type=\"widget\" data-widget_type=\"button.default\">\n\t\t\t\t<div class=\"elementor-widget-container\">\n\t\t\t\t\t\t\t\t\t<div class=\"elementor-button-wrapper\">\n\t\t\t\t\t<a class=\"elementor-button elementor-size-sm\" role=\"button\">\n\t\t\t\t\t\t<span class=\"elementor-button-content-wrapper\">\n\t\t\t\t\t\t\t\t\t<span class=\"elementor-button-text\">\u00a1Transformamos ideas en sitios web cautivadores!<\/span>\n\t\t\t\t\t<\/span>\n\t\t\t\t\t<\/a>\n\t\t\t\t<\/div>\n\t\t\t\t\t\t\t\t<\/div>\n\t\t\t\t<\/div>\n\t\t\t\t<\/div>\n\t\t\t\t\t<\/div>\n\t\t\t\t<\/div>\n\t\t<div class=\"elementor-element elementor-element-45939b2 e-flex e-con-boxed e-con e-parent\" data-id=\"45939b2\" data-element_type=\"container\">\n\t\t\t\t\t<div class=\"e-con-inner\">\n\t\t\t\t<div class=\"elementor-element elementor-element-5e5bcac elementor-widget__width-initial elementor-widget elementor-widget-heading\" data-id=\"5e5bcac\" data-element_type=\"widget\" data-widget_type=\"heading.default\">\n\t\t\t\t<div class=\"elementor-widget-container\">\n\t\t\t\t\t<h2 class=\"elementor-heading-title elementor-size-default\">Nuestra Visi\u00f3n<\/h2>\t\t\t\t<\/div>\n\t\t\t\t<\/div>\n\t\t\t\t<div class=\"elementor-element elementor-element-eec65ea elementor-widget__width-initial elementor-widget elementor-widget-text-editor\" data-id=\"eec65ea\" data-element_type=\"widget\" data-widget_type=\"text-editor.default\">\n\t\t\t\t<div class=\"elementor-widget-container\">\n\t\t\t\t\t\t\t\t\t<p>Nuestra visi\u00f3n es ser una empresa reconocida a nivel nacional, colaborando con grandes empresas y destac\u00e1ndonos por la calidad y accesibilidad de nuestros servicios web. Aspiramos a ser l\u00edderes en el sector, ayudando a negocios de todos los tama\u00f1os a tener una presencia online profesional y efectiva.<\/p>\t\t\t\t\t\t\t\t<\/div>\n\t\t\t\t<\/div>\n\t\t\t\t\t<\/div>\n\t\t\t\t<\/div>\n\t\t<div class=\"elementor-element elementor-element-d98763b e-flex e-con-boxed e-con e-parent\" data-id=\"d98763b\" data-element_type=\"container\" data-settings=\"{&quot;background_background&quot;:&quot;gradient&quot;}\">\n\t\t\t\t\t<div class=\"e-con-inner\">\n\t\t\t\t<div class=\"elementor-element elementor-element-8ab5f3b elementor-widget__width-initial elementor-widget elementor-widget-heading\" data-id=\"8ab5f3b\" data-element_type=\"widget\" data-widget_type=\"heading.default\">\n\t\t\t\t<div class=\"elementor-widget-container\">\n\t\t\t\t\t<h2 class=\"elementor-heading-title elementor-size-default\">Fundador<\/h2>\t\t\t\t<\/div>\n\t\t\t\t<\/div>\n\t\t\t\t<div class=\"elementor-element elementor-element-97bcaf0 elementor-widget elementor-widget-image\" data-id=\"97bcaf0\" data-element_type=\"widget\" data-widget_type=\"image.default\">\n\t\t\t\t<div class=\"elementor-widget-container\">\n\t\t\t\t\t\t\t\t\t\t\t\t\t\t\t<img loading=\"lazy\" decoding=\"async\" width=\"768\" height=\"847\" src=\"https:\/\/paginaswebscr.com\/wp-content\/uploads\/2024\/07\/Imagen-de-WhatsApp-2024-07-02-a-las-16.58.23_5a798a7e-e1719961169178-768x847.jpg\" class=\"attachment-medium_large size-medium_large wp-image-1145\" alt=\"\" srcset=\"https:\/\/paginaswebscr.com\/wp-content\/uploads\/2024\/07\/Imagen-de-WhatsApp-2024-07-02-a-las-16.58.23_5a798a7e-e1719961169178-768x847.jpg 768w, https:\/\/paginaswebscr.com\/wp-content\/uploads\/2024\/07\/Imagen-de-WhatsApp-2024-07-02-a-las-16.58.23_5a798a7e-e1719961169178-600x662.jpg 600w, https:\/\/paginaswebscr.com\/wp-content\/uploads\/2024\/07\/Imagen-de-WhatsApp-2024-07-02-a-las-16.58.23_5a798a7e-e1719961169178-272x300.jpg 272w, https:\/\/paginaswebscr.com\/wp-content\/uploads\/2024\/07\/Imagen-de-WhatsApp-2024-07-02-a-las-16.58.23_5a798a7e-e1719961169178.jpg 808w\" sizes=\"(max-width: 768px) 100vw, 768px\" \/>\t\t\t\t\t\t\t\t\t\t\t\t\t\t\t<\/div>\n\t\t\t\t<\/div>\n\t\t\t\t<div class=\"elementor-element elementor-element-8d53416 elementor-widget elementor-widget-text-editor\" data-id=\"8d53416\" data-element_type=\"widget\" data-widget_type=\"text-editor.default\">\n\t\t\t\t<div class=\"elementor-widget-container\">\n\t\t\t\t\t\t\t\t\t<p>Felipe Moya<\/p><p>\u00a0<\/p>\t\t\t\t\t\t\t\t<\/div>\n\t\t\t\t<\/div>\n\t\t\t\t\t<\/div>\n\t\t\t\t<\/div>\n\t\t\t\t<\/div>\n\t\t","protected":false},"excerpt":{"rendered":"<p>Acerca de Nosotros Nuestros inicios En P\u00e1ginas Web CR, nuestra historia comienza con el af\u00e1n de generar nuevos conocimientos en [&hellip;]<\/p>\n","protected":false},"author":1,"featured_media":10,"parent":0,"menu_order":0,"comment_status":"closed","ping_status":"closed","template":"","meta":{"site-sidebar-layout":"no-sidebar","site-content-layout":"","ast-site-content-layout":"full-width-container","site-content-style":"default","site-sidebar-style":"default","ast-global-header-display":"","ast-banner-title-visibility":"","ast-main-header-display":"","ast-hfb-above-header-display":"","ast-hfb-below-header-display":"","ast-hfb-mobile-header-display":"","site-post-title":"disabled","ast-breadcrumbs-content":"","ast-featured-img":"disabled","footer-sml-layout":"","ast-disable-related-posts":"","theme-transparent-header-meta":"","adv-header-id-meta":"","stick-header-meta":"","header-above-stick-meta":"","header-main-stick-meta":"","header-below-stick-meta":"","astra-migrate-meta-layouts":"default","ast-page-background-enabled":"default","ast-page-background-meta":{"desktop":{"background-color":"var(--ast-global-color-4)","background-image":"","background-repeat":"repeat","background-position":"center center","background-size":"auto","background-attachment":"scroll","background-type":"","background-media":"","overlay-type":"","overlay-color":"","overlay-opacity":"","overlay-gradient":""},"tablet":{"background-color":"","background-image":"","background-repeat":"repeat","background-position":"center center","background-size":"auto","background-attachment":"scroll","background-type":"","background-media":"","overlay-type":"","overlay-color":"","overlay-opacity":"","overlay-gradient":""},"mobile":{"background-color":"","background-image":"","background-repeat":"repeat","background-position":"center center","background-size":"auto","background-attachment":"scroll","background-type":"","background-media":"","overlay-type":"","overlay-color":"","overlay-opacity":"","overlay-gradient":""}},"ast-content-background-meta":{"desktop":{"background-color":"var(--ast-global-color-5)","background-image":"","background-repeat":"repeat","background-position":"center center","background-size":"auto","background-attachment":"scroll","background-type":"","background-media":"","overlay-type":"","overlay-color":"","overlay-opacity":"","overlay-gradient":""},"tablet":{"background-color":"var(--ast-global-color-5)","background-image":"","background-repeat":"repeat","background-position":"center center","background-size":"auto","background-attachment":"scroll","background-type":"","background-media":"","overlay-type":"","overlay-color":"","overlay-opacity":"","overlay-gradient":""},"mobile":{"background-color":"var(--ast-global-color-5)","background-image":"","background-repeat":"repeat","background-position":"center center","background-size":"auto","background-attachment":"scroll","background-type":"","background-media":"","overlay-type":"","overlay-color":"","overlay-opacity":"","overlay-gradient":""}},"footnotes":""},"jetpack_sharing_enabled":true,"_links":{"self":[{"href":"https:\/\/paginaswebscr.com\/index.php\/wp-json\/wp\/v2\/pages\/20"}],"collection":[{"href":"https:\/\/paginaswebscr.com\/index.php\/wp-json\/wp\/v2\/pages"}],"about":[{"href":"https:\/\/paginaswebscr.com\/index.php\/wp-json\/wp\/v2\/types\/page"}],"author":[{"embeddable":true,"href":"https:\/\/paginaswebscr.com\/index.php\/wp-json\/wp\/v2\/users\/1"}],"replies":[{"embeddable":true,"href":"https:\/\/paginaswebscr.com\/index.php\/wp-json\/wp\/v2\/comments?post=20"}],"version-history":[{"count":118,"href":"https:\/\/paginaswebscr.com\/index.php\/wp-json\/wp\/v2\/pages\/20\/revisions"}],"predecessor-version":[{"id":2083,"href":"https:\/\/paginaswebscr.com\/index.php\/wp-json\/wp\/v2\/pages\/20\/revisions\/2083"}],"wp:featuredmedia":[{"embeddable":true,"href":"https:\/\/paginaswebscr.com\/index.php\/wp-json\/wp\/v2\/media\/10"}],"wp:attachment":[{"href":"https:\/\/paginaswebscr.com\/index.php\/wp-json\/wp\/v2\/media?parent=20"}],"curies":[{"name":"wp","href":"https:\/\/api.w.org\/{rel}","templated":true}]}}